{"id":15,"date":"2025-05-10T16:32:52","date_gmt":"2025-05-10T14:32:52","guid":{"rendered":"https:\/\/www.dsltech.info\/?page_id=15"},"modified":"2025-05-13T21:22:32","modified_gmt":"2025-05-13T19:22:32","slug":"pufs","status":"publish","type":"page","link":"https:\/\/www.dsltech.info\/index.php\/pufs\/","title":{"rendered":"P.U.F.s"},"content":{"rendered":"\n<p>Unes paraules en format de preguntes i respostes i de explicaci\u00f3 de que va la web :<\/p>\n\n\n\n<p><\/p>\n\n\n\n<p>Vindria a ser:  &#8220;Preguntes de \u00das Freq\u00fcent&#8221; o b\u00e9 en angl\u00e8s, &#8220;Frequently Asked Questions&#8221;<\/p>\n\n\n\n<p><\/p>\n\n\n\n<figure class=\"wp-block-image size-full is-resized\"><img fetchpriority=\"high\" decoding=\"async\" width=\"640\" height=\"537\" src=\"https:\/\/www.dsltech.info\/wp-content\/uploads\/2025\/05\/FAQS.jpg\" alt=\"\" class=\"wp-image-175\" style=\"width:433px;height:auto\" srcset=\"https:\/\/www.dsltech.info\/wp-content\/uploads\/2025\/05\/FAQS.jpg 640w, https:\/\/www.dsltech.info\/wp-content\/uploads\/2025\/05\/FAQS-300x252.jpg 300w\" sizes=\"(max-width: 640px) 100vw, 640px\" \/><\/figure>\n\n\n\n<p><\/p>\n\n\n\n<p><strong>Pregunta.-<\/strong>Tothom pot tenir un domini a internet ? quins tipus hi ha? Hi ha algun de gratu\u00eft ?<\/p>\n\n\n\n<p><strong>Resposta.-<\/strong>La resposta \u00e9s s\u00ed, tothom sigui capa\u00e7 de fer i major de edat pot tenir un domini a internet i de tipus de domini en diferenciaria dos parts&#8230; el nom i la extensi\u00f3. En el meu cas el nom del meu domini \u00e9s dsltech i la extensi\u00f3 \u00e9s info. Junts formen :  <strong>dsltech.info<\/strong>       Ara b\u00e9, amb el  nom podeu ser tot lo originals que vulgueu mentre que no estigui ja agafat, jejeje<\/p>\n\n\n\n<p>Per\u00f2 ara s\u00ed, amb les extensions del tipus ( .com  . net   . org  . info .biz  .tv  .name ) etc\u00e8tera   cada cop en surten mes i mes i cal vigilar els preus ja que es paga un registre anual normalment per la extensi\u00f3, hi ha webs especialitzades per buscar dominis lliures i certament extensions per triar i remenar&#8230; avui dia.<\/p>\n\n\n\n<p>Tamb\u00e9 es cert que fins fa no gaire crec el &#8220;papa estado&#8221; regala un domini .es a tota aquella persona que aix\u00ed ho sol\u00b7licit\u00e9s segons unes finalitats i uns requisits i no ho dediques a males finalitats&#8230;<\/p>\n\n\n\n<p>Ara aix\u00f2 si, si tenim el nostre propi servidor a casa, no cal &#8220;papa estado&#8221; nomes cal informar-nos dels dominis gratu\u00efts .tk que els quals nomes necessites una adre\u00e7a de correu electr\u00f2nic per registrar-te i seguir els passos&#8230; i apa ja ho tens montat gratis a casa el domini que vulguis.<\/p>\n\n\n\n<p>De res.<\/p>\n\n\n\n<p>DSLTECH.INFO<\/p>\n\n\n\n<p><\/p>\n","protected":false},"excerpt":{"rendered":"<p>Unes paraules en format de preguntes i respostes i de explicaci\u00f3 de que va la web : Vindria a ser: &#8220;Preguntes de \u00das Freq\u00fcent&#8221; o b\u00e9 en angl\u00e8s, &#8220;Frequently Asked Questions&#8221; Pregunta.-Tothom pot tenir un domini a internet ? quins tipus hi ha? Hi ha algun de gratu\u00eft ? Resposta.-La resposta \u00e9s s\u00ed, tothom sigui &#8230; <a title=\"P.U.F.s\" class=\"read-more\" href=\"https:\/\/www.dsltech.info\/index.php\/pufs\/\" aria-label=\"M\u00e9s informaci\u00f3 sobre P.U.F.s\">Llegiu m\u00e9s<\/a><\/p>\n","protected":false},"author":1,"featured_media":0,"parent":0,"menu_order":0,"comment_status":"closed","ping_status":"closed","template":"","meta":{"ngg_post_thumbnail":0,"footnotes":""},"class_list":["post-15","page","type-page","status-publish"],"_links":{"self":[{"href":"https:\/\/www.dsltech.info\/index.php\/wp-json\/wp\/v2\/pages\/15","targetHints":{"allow":["GET"]}}],"collection":[{"href":"https:\/\/www.dsltech.info\/index.php\/wp-json\/wp\/v2\/pages"}],"about":[{"href":"https:\/\/www.dsltech.info\/index.php\/wp-json\/wp\/v2\/types\/page"}],"author":[{"embeddable":true,"href":"https:\/\/www.dsltech.info\/index.php\/wp-json\/wp\/v2\/users\/1"}],"replies":[{"embeddable":true,"href":"https:\/\/www.dsltech.info\/index.php\/wp-json\/wp\/v2\/comments?post=15"}],"version-history":[{"count":6,"href":"https:\/\/www.dsltech.info\/index.php\/wp-json\/wp\/v2\/pages\/15\/revisions"}],"predecessor-version":[{"id":201,"href":"https:\/\/www.dsltech.info\/index.php\/wp-json\/wp\/v2\/pages\/15\/revisions\/201"}],"wp:attachment":[{"href":"https:\/\/www.dsltech.info\/index.php\/wp-json\/wp\/v2\/media?parent=15"}],"curies":[{"name":"wp","href":"https:\/\/api.w.org\/{rel}","templated":true}]}}