{"id":2,"date":"2025-05-04T16:36:41","date_gmt":"2025-05-04T14:36:41","guid":{"rendered":"https:\/\/www.dsltech.info\/?page_id=2"},"modified":"2025-05-13T21:15:23","modified_gmt":"2025-05-13T19:15:23","slug":"portada","status":"publish","type":"page","link":"https:\/\/www.dsltech.info\/","title":{"rendered":"Portada"},"content":{"rendered":"\n<h1 class=\"wp-block-heading alignwide has-text-align-left\"><strong>Benvinguts a la web<\/strong> <strong>de David Soler<\/strong><\/h1>\n\n\n\n<figure class=\"wp-block-image size-full is-resized\"><img fetchpriority=\"high\" decoding=\"async\" width=\"530\" height=\"415\" src=\"https:\/\/www.dsltech.info\/wp-content\/uploads\/2025\/05\/benvinguts.jpg\" alt=\"\" class=\"wp-image-140\" style=\"width:369px;height:auto\" srcset=\"https:\/\/www.dsltech.info\/wp-content\/uploads\/2025\/05\/benvinguts.jpg 530w, https:\/\/www.dsltech.info\/wp-content\/uploads\/2025\/05\/benvinguts-300x235.jpg 300w\" sizes=\"(max-width: 530px) 100vw, 530px\" \/><\/figure>\n\n\n\n<p><\/p>\n\n\n\n<p>.<\/p>\n\n\n\n<p><\/p>\n\n\n\n<figure class=\"wp-block-image size-full is-resized\"><img decoding=\"async\" width=\"387\" height=\"145\" src=\"https:\/\/www.dsltech.info\/wp-content\/uploads\/2025\/05\/logo-removebg-preview.png\" alt=\"\" class=\"wp-image-65\" style=\"width:379px;height:auto\" srcset=\"https:\/\/www.dsltech.info\/wp-content\/uploads\/2025\/05\/logo-removebg-preview.png 387w, https:\/\/www.dsltech.info\/wp-content\/uploads\/2025\/05\/logo-removebg-preview-300x112.png 300w\" sizes=\"(max-width: 387px) 100vw, 387px\" \/><\/figure>\n\n\n\n<h2 class=\"wp-block-heading\"><strong>Un lloc on disfrutar dels Hobby&#8217;s<\/strong><\/h2>\n\n\n\n<p>Siguin de inform\u00e0tica, electr\u00f2nica, fusteria, fotografia, manualitats, etc\u00e8tera.<\/p>\n\n\n\n<p>(SEMPRE EN PAU en el meu taller, SENSE MOLESTAR NING\u00da, si pot ser)<\/p>\n\n\n\n<p><\/p>\n\n\n\n<figure class=\"wp-block-image size-large is-resized\"><img decoding=\"async\" width=\"1024\" height=\"536\" src=\"https:\/\/www.dsltech.info\/wp-content\/uploads\/2025\/05\/Hobby-1024x536.jpg\" alt=\"\" class=\"wp-image-66\" style=\"width:367px;height:auto\" srcset=\"https:\/\/www.dsltech.info\/wp-content\/uploads\/2025\/05\/Hobby-1024x536.jpg 1024w, https:\/\/www.dsltech.info\/wp-content\/uploads\/2025\/05\/Hobby-300x157.jpg 300w, https:\/\/www.dsltech.info\/wp-content\/uploads\/2025\/05\/Hobby-768x402.jpg 768w, https:\/\/www.dsltech.info\/wp-content\/uploads\/2025\/05\/Hobby.jpg 1200w\" sizes=\"(max-width: 1024px) 100vw, 1024px\" \/><\/figure>\n\n\n\n<p><\/p>\n\n\n\n<p>Aqu\u00ed teniu en aquesta web un recull de projectes que he fet i tamb\u00e9 alguns projectes que tinc dissenyats per fer en breu&#8230; visiteu la secci\u00f3 portafolis per veure quins projectes estan ja penjats.<\/p>\n\n\n\n<p>La q\u00fcesti\u00f3 \u00e9s fer un recull (portafolis) del que s\u00f3n aquests projectes a poder ser amb alguna imatge, ja que algun de aquest projectes&#8230; ja tenen bastants anyets i potser algun no disposa de fotografies.<\/p>\n\n\n\n<p>Igualment est\u00e0 disponible la secci\u00f3 de galeries per poder veure la majoria de fotografies de projectes.<\/p>\n\n\n\n<p>Confio sigui una navegaci\u00f3 agradable per la meva web de :<\/p>\n\n\n\n<h5 class=\"wp-block-heading\"><strong>DSLTECH.INFO<\/strong><\/h5>\n\n\n\n<p><\/p>\n","protected":false},"excerpt":{"rendered":"<p>Benvinguts a la web de David Soler . Un lloc on disfrutar dels Hobby&#8217;s Siguin de inform\u00e0tica, electr\u00f2nica, fusteria, fotografia, manualitats, etc\u00e8tera. (SEMPRE EN PAU en el meu taller, SENSE MOLESTAR NING\u00da, si pot ser) Aqu\u00ed teniu en aquesta web un recull de projectes que he fet i tamb\u00e9 alguns projectes que tinc dissenyats per &#8230; <a title=\"Portada\" class=\"read-more\" href=\"https:\/\/www.dsltech.info\/\" aria-label=\"M\u00e9s informaci\u00f3 sobre Portada\">Llegiu m\u00e9s<\/a><\/p>\n","protected":false},"author":1,"featured_media":0,"parent":0,"menu_order":0,"comment_status":"closed","ping_status":"closed","template":"","meta":{"ngg_post_thumbnail":0,"footnotes":""},"class_list":["post-2","page","type-page","status-publish"],"_links":{"self":[{"href":"https:\/\/www.dsltech.info\/index.php\/wp-json\/wp\/v2\/pages\/2","targetHints":{"allow":["GET"]}}],"collection":[{"href":"https:\/\/www.dsltech.info\/index.php\/wp-json\/wp\/v2\/pages"}],"about":[{"href":"https:\/\/www.dsltech.info\/index.php\/wp-json\/wp\/v2\/types\/page"}],"author":[{"embeddable":true,"href":"https:\/\/www.dsltech.info\/index.php\/wp-json\/wp\/v2\/users\/1"}],"replies":[{"embeddable":true,"href":"https:\/\/www.dsltech.info\/index.php\/wp-json\/wp\/v2\/comments?post=2"}],"version-history":[{"count":10,"href":"https:\/\/www.dsltech.info\/index.php\/wp-json\/wp\/v2\/pages\/2\/revisions"}],"predecessor-version":[{"id":199,"href":"https:\/\/www.dsltech.info\/index.php\/wp-json\/wp\/v2\/pages\/2\/revisions\/199"}],"wp:attachment":[{"href":"https:\/\/www.dsltech.info\/index.php\/wp-json\/wp\/v2\/media?parent=2"}],"curies":[{"name":"wp","href":"https:\/\/api.w.org\/{rel}","templated":true}]}}