{"id":34,"date":"2025-05-10T16:44:11","date_gmt":"2025-05-10T14:44:11","guid":{"rendered":"https:\/\/www.dsltech.info\/?page_id=34"},"modified":"2025-05-13T13:15:07","modified_gmt":"2025-05-13T11:15:07","slug":"sobre-mi","status":"publish","type":"page","link":"https:\/\/www.dsltech.info\/index.php\/sobre-mi\/","title":{"rendered":"Sobre mi"},"content":{"rendered":"\n<h3 class=\"wp-block-heading\"><strong>Sobre mi, sobre els hobbies i sobre com s\u00f3n les coses a vegades&#8230;.<\/strong><\/h3>\n\n\n\n<p><\/p>\n\n\n\n<p>Doncs sobre mi, no sabria dir a part de la meva passi\u00f3 per la tecnologia i altres temes&#8230; les ganes que tinc sempre de fer coses.<\/p>\n\n\n\n<p>Sempre recordo algunes dites que em deien de petit, ja sigui a casa o al taller&#8230;<\/p>\n\n\n\n<blockquote class=\"wp-block-quote is-layout-flow wp-block-quote-is-layout-flow\">\n<p>Espavila que el temps passa volant&#8230; aprofita&#8217;l<\/p>\n\n\n\n<p><\/p>\n<\/blockquote>\n\n\n\n<figure class=\"wp-block-image size-large is-resized\"><img fetchpriority=\"high\" decoding=\"async\" width=\"1024\" height=\"1024\" src=\"https:\/\/www.dsltech.info\/wp-content\/uploads\/2025\/05\/Tempus-Fugit-Passing-Time-Tattoo-Symbol-Hourglass-1cf65c8-1024x1024.png\" alt=\"\" class=\"wp-image-127\" style=\"width:272px;height:auto\" srcset=\"https:\/\/www.dsltech.info\/wp-content\/uploads\/2025\/05\/Tempus-Fugit-Passing-Time-Tattoo-Symbol-Hourglass-1cf65c8-1024x1024.png 1024w, https:\/\/www.dsltech.info\/wp-content\/uploads\/2025\/05\/Tempus-Fugit-Passing-Time-Tattoo-Symbol-Hourglass-1cf65c8-300x300.png 300w, https:\/\/www.dsltech.info\/wp-content\/uploads\/2025\/05\/Tempus-Fugit-Passing-Time-Tattoo-Symbol-Hourglass-1cf65c8-150x150.png 150w, https:\/\/www.dsltech.info\/wp-content\/uploads\/2025\/05\/Tempus-Fugit-Passing-Time-Tattoo-Symbol-Hourglass-1cf65c8-768x768.png 768w, https:\/\/www.dsltech.info\/wp-content\/uploads\/2025\/05\/Tempus-Fugit-Passing-Time-Tattoo-Symbol-Hourglass-1cf65c8.png 1205w\" sizes=\"(max-width: 1024px) 100vw, 1024px\" \/><\/figure>\n\n\n\n<blockquote class=\"wp-block-quote is-layout-flow wp-block-quote-is-layout-flow\">\n<p>Un lloc per a cada cosa&#8230; i  cada cosa al seu lloc. <\/p>\n<\/blockquote>\n\n\n\n<blockquote class=\"wp-block-quote is-layout-flow wp-block-quote-is-layout-flow\">\n<p>i la de un profe de electr\u00f2nica de la \u00e8poca del institut que admiro molt i deia :  les proves les feu a casa amb &#8220;gasosa&#8221;<\/p>\n<\/blockquote>\n\n\n\n<p>Perqu\u00e8 ho dic tot aix\u00f2 ? perqu\u00e8 moltes de aquestes frases venen de experi\u00e8ncies que han fet valorar el temps, els recursos, la gent, el ser ordenat, aprofitar el coneixement anterior a tu, sigui de avis, pares, professors, amics, internet i sempre i sempre fer-ho tot amb molta passi\u00f3 sin\u00f3 la vida no val la pena ni aprens res de res, ni estudiant, ni lli\u00e7ons vitals, que de fet en els hobbies el  que es fa es aprendre practicant, equivocant-se i fent i desfent i perfeccionant-se un estil propi.<\/p>\n\n\n\n<figure class=\"wp-block-image size-full is-resized\"><img decoding=\"async\" width=\"537\" height=\"500\" src=\"https:\/\/www.dsltech.info\/wp-content\/uploads\/2025\/05\/without-passion-life-is-nothing-1.jpg\" alt=\"\" class=\"wp-image-128\" style=\"width:317px;height:auto\" srcset=\"https:\/\/www.dsltech.info\/wp-content\/uploads\/2025\/05\/without-passion-life-is-nothing-1.jpg 537w, https:\/\/www.dsltech.info\/wp-content\/uploads\/2025\/05\/without-passion-life-is-nothing-1-300x279.jpg 300w\" sizes=\"(max-width: 537px) 100vw, 537px\" \/><\/figure>\n\n\n\n<p>Ser sempre agra\u00eft, sapigueu de entrada que aix\u00f2 dels hobbies ets molt tonto en tot quan comences i necessitar\u00e0s de altres persones i potser altres mans per dur a terme la teva passi\u00f3.<\/p>\n\n\n\n<p>DAVID SL.<\/p>\n\n\n\n<p><\/p>\n","protected":false},"excerpt":{"rendered":"<p>Sobre mi, sobre els hobbies i sobre com s\u00f3n les coses a vegades&#8230;. Doncs sobre mi, no sabria dir a part de la meva passi\u00f3 per la tecnologia i altres temes&#8230; les ganes que tinc sempre de fer coses. Sempre recordo algunes dites que em deien de petit, ja sigui a casa o al taller&#8230; &#8230; <a title=\"Sobre mi\" class=\"read-more\" href=\"https:\/\/www.dsltech.info\/index.php\/sobre-mi\/\" aria-label=\"M\u00e9s informaci\u00f3 sobre Sobre mi\">Llegiu m\u00e9s<\/a><\/p>\n","protected":false},"author":1,"featured_media":0,"parent":0,"menu_order":0,"comment_status":"closed","ping_status":"closed","template":"","meta":{"ngg_post_thumbnail":0,"footnotes":""},"class_list":["post-34","page","type-page","status-publish"],"_links":{"self":[{"href":"https:\/\/www.dsltech.info\/index.php\/wp-json\/wp\/v2\/pages\/34","targetHints":{"allow":["GET"]}}],"collection":[{"href":"https:\/\/www.dsltech.info\/index.php\/wp-json\/wp\/v2\/pages"}],"about":[{"href":"https:\/\/www.dsltech.info\/index.php\/wp-json\/wp\/v2\/types\/page"}],"author":[{"embeddable":true,"href":"https:\/\/www.dsltech.info\/index.php\/wp-json\/wp\/v2\/users\/1"}],"replies":[{"embeddable":true,"href":"https:\/\/www.dsltech.info\/index.php\/wp-json\/wp\/v2\/comments?post=34"}],"version-history":[{"count":4,"href":"https:\/\/www.dsltech.info\/index.php\/wp-json\/wp\/v2\/pages\/34\/revisions"}],"predecessor-version":[{"id":129,"href":"https:\/\/www.dsltech.info\/index.php\/wp-json\/wp\/v2\/pages\/34\/revisions\/129"}],"wp:attachment":[{"href":"https:\/\/www.dsltech.info\/index.php\/wp-json\/wp\/v2\/media?parent=34"}],"curies":[{"name":"wp","href":"https:\/\/api.w.org\/{rel}","templated":true}]}}