{"id":82,"date":"2025-05-13T11:48:16","date_gmt":"2025-05-13T09:48:16","guid":{"rendered":"https:\/\/www.dsltech.info\/?page_id=82"},"modified":"2025-05-17T07:49:33","modified_gmt":"2025-05-17T05:49:33","slug":"informatica","status":"publish","type":"page","link":"https:\/\/www.dsltech.info\/index.php\/informatica\/","title":{"rendered":"&#8211;Inform\u00e0tica"},"content":{"rendered":"\n<h2 class=\"wp-block-heading\">Projectes de inform\u00e0tica<\/h2>\n\n\n\n<p>&nbsp;<\/p>\n\n\n\n<p>&nbsp;<\/p>\n\n\n\n<figure class=\"wp-block-image size-full is-resized\"><img fetchpriority=\"high\" decoding=\"async\" width=\"428\" height=\"482\" src=\"https:\/\/www.dsltech.info\/wp-content\/uploads\/2025\/05\/bartop_negra.jpg\" alt=\"\" class=\"wp-image-157\" style=\"width:229px;height:auto\" srcset=\"https:\/\/www.dsltech.info\/wp-content\/uploads\/2025\/05\/bartop_negra.jpg 428w, https:\/\/www.dsltech.info\/wp-content\/uploads\/2025\/05\/bartop_negra-266x300.jpg 266w\" sizes=\"(max-width: 428px) 100vw, 428px\" \/><\/figure>\n\n\n\n<p>M\u00e0quina &#8220;BARTOPE&#8221; Recreativa 2 Players de 24&#8243;   (en construcci\u00f3)<\/p>\n\n\n\n<p>&nbsp;<\/p>\n\n\n\n<figure class=\"wp-block-image size-large is-resized\"><img decoding=\"async\" width=\"768\" height=\"1024\" src=\"https:\/\/www.dsltech.info\/wp-content\/uploads\/2025\/05\/triple-boot-768x1024.jpg\" alt=\"\" class=\"wp-image-145\" style=\"width:224px;height:auto\" srcset=\"https:\/\/www.dsltech.info\/wp-content\/uploads\/2025\/05\/triple-boot-768x1024.jpg 768w, https:\/\/www.dsltech.info\/wp-content\/uploads\/2025\/05\/triple-boot-225x300.jpg 225w, https:\/\/www.dsltech.info\/wp-content\/uploads\/2025\/05\/triple-boot-1152x1536.jpg 1152w, https:\/\/www.dsltech.info\/wp-content\/uploads\/2025\/05\/triple-boot-1536x2048.jpg 1536w, https:\/\/www.dsltech.info\/wp-content\/uploads\/2025\/05\/triple-boot-scaled.jpg 1920w\" sizes=\"(max-width: 768px) 100vw, 768px\" \/><\/figure>\n\n\n\n<p>Hackintosh de DELL 9400<\/p>\n\n\n\n<p>&nbsp;<\/p>\n\n\n\n<p>&nbsp;<\/p>\n\n\n\n<figure class=\"wp-block-image size-full is-resized\"><img decoding=\"async\" width=\"600\" height=\"800\" src=\"https:\/\/www.dsltech.info\/wp-content\/uploads\/2025\/05\/touch_games.jpg\" alt=\"\" class=\"wp-image-146\" style=\"width:224px;height:auto\" srcset=\"https:\/\/www.dsltech.info\/wp-content\/uploads\/2025\/05\/touch_games.jpg 600w, https:\/\/www.dsltech.info\/wp-content\/uploads\/2025\/05\/touch_games-225x300.jpg 225w\" sizes=\"(max-width: 600px) 100vw, 600px\" \/><\/figure>\n\n\n\n<p>Muntar m\u00e0quina t\u00e0ctil de jocs : TOUCH GAMES<\/p>\n\n\n\n<p>&nbsp;<\/p>\n\n\n\n<figure class=\"wp-block-image size-large is-resized\"><img loading=\"lazy\" decoding=\"async\" width=\"768\" height=\"1024\" src=\"https:\/\/www.dsltech.info\/wp-content\/uploads\/2025\/05\/11032009159-768x1024.jpg\" alt=\"\" class=\"wp-image-147\" style=\"width:218px;height:auto\" srcset=\"https:\/\/www.dsltech.info\/wp-content\/uploads\/2025\/05\/11032009159-768x1024.jpg 768w, https:\/\/www.dsltech.info\/wp-content\/uploads\/2025\/05\/11032009159-225x300.jpg 225w, https:\/\/www.dsltech.info\/wp-content\/uploads\/2025\/05\/11032009159-1152x1536.jpg 1152w, https:\/\/www.dsltech.info\/wp-content\/uploads\/2025\/05\/11032009159-1536x2048.jpg 1536w, https:\/\/www.dsltech.info\/wp-content\/uploads\/2025\/05\/11032009159-scaled.jpg 1920w\" sizes=\"(max-width: 768px) 100vw, 768px\" \/><\/figure>\n\n\n\n<p>Interconnexi\u00f3 de 2 cases amb antenes Wi-Fi<\/p>\n\n\n\n<p>&nbsp;<\/p>\n\n\n\n<figure class=\"wp-block-image size-large is-resized\"><img loading=\"lazy\" decoding=\"async\" width=\"1024\" height=\"576\" src=\"https:\/\/www.dsltech.info\/wp-content\/uploads\/2025\/05\/20240111_144611-1024x576.jpg\" alt=\"\" class=\"wp-image-148\" style=\"width:350px;height:auto\" srcset=\"https:\/\/www.dsltech.info\/wp-content\/uploads\/2025\/05\/20240111_144611-1024x576.jpg 1024w, https:\/\/www.dsltech.info\/wp-content\/uploads\/2025\/05\/20240111_144611-300x169.jpg 300w, https:\/\/www.dsltech.info\/wp-content\/uploads\/2025\/05\/20240111_144611-768x432.jpg 768w, https:\/\/www.dsltech.info\/wp-content\/uploads\/2025\/05\/20240111_144611.jpg 1320w\" sizes=\"(max-width: 1024px) 100vw, 1024px\" \/><\/figure>\n\n\n\n<p>Restauraci\u00f3 HP VECTRA 486 &gt;&gt;&gt; Windows 95 &gt;&gt; Jocs Retro<\/p>\n\n\n\n<p>&nbsp;<\/p>\n\n\n\n<figure class=\"wp-block-image size-large is-resized\"><img loading=\"lazy\" decoding=\"async\" width=\"709\" height=\"1024\" src=\"https:\/\/www.dsltech.info\/wp-content\/uploads\/2025\/05\/20191108_210133-709x1024.jpg\" alt=\"\" class=\"wp-image-149\" style=\"width:230px;height:auto\" srcset=\"https:\/\/www.dsltech.info\/wp-content\/uploads\/2025\/05\/20191108_210133-709x1024.jpg 709w, https:\/\/www.dsltech.info\/wp-content\/uploads\/2025\/05\/20191108_210133-208x300.jpg 208w, https:\/\/www.dsltech.info\/wp-content\/uploads\/2025\/05\/20191108_210133-768x1110.jpg 768w, https:\/\/www.dsltech.info\/wp-content\/uploads\/2025\/05\/20191108_210133-1063x1536.jpg 1063w, https:\/\/www.dsltech.info\/wp-content\/uploads\/2025\/05\/20191108_210133-1417x2048.jpg 1417w, https:\/\/www.dsltech.info\/wp-content\/uploads\/2025\/05\/20191108_210133-scaled.jpg 1772w\" sizes=\"(max-width: 709px) 100vw, 709px\" \/><\/figure>\n\n\n\n<p>AMSTRAD PCW8256 &gt;&gt;&gt; Reparaci\u00f3 corretja disquetera.<\/p>\n\n\n\n<p>&nbsp;<\/p>\n\n\n\n<figure class=\"wp-block-image size-full is-resized\"><img loading=\"lazy\" decoding=\"async\" width=\"571\" height=\"340\" src=\"https:\/\/www.dsltech.info\/wp-content\/uploads\/2025\/05\/raspberry-pi-4.png\" alt=\"\" class=\"wp-image-150\" style=\"width:395px;height:auto\" srcset=\"https:\/\/www.dsltech.info\/wp-content\/uploads\/2025\/05\/raspberry-pi-4.png 571w, https:\/\/www.dsltech.info\/wp-content\/uploads\/2025\/05\/raspberry-pi-4-300x179.png 300w\" sizes=\"(max-width: 571px) 100vw, 571px\" \/><\/figure>\n\n\n\n<p>Muntar TPV amb Raspberry Pi4 + Pantalla T\u00e0ctil versions Windows i Ubuntu<\/p>\n\n\n\n<p>&nbsp;<\/p>\n\n\n\n<figure class=\"wp-block-image size-full is-resized\"><img loading=\"lazy\" decoding=\"async\" width=\"200\" height=\"221\" src=\"https:\/\/www.dsltech.info\/wp-content\/uploads\/2025\/05\/linuxpenguin_thumb4_2.jpg\" alt=\"\" class=\"wp-image-153\" style=\"width:158px;height:auto\"\/><\/figure>\n\n\n\n<figure class=\"wp-block-image size-full is-resized\"><img loading=\"lazy\" decoding=\"async\" width=\"186\" height=\"186\" src=\"https:\/\/www.dsltech.info\/wp-content\/uploads\/2025\/05\/logoapple_thumb3.jpg\" alt=\"\" class=\"wp-image-154\" style=\"width:158px;height:auto\" srcset=\"https:\/\/www.dsltech.info\/wp-content\/uploads\/2025\/05\/logoapple_thumb3.jpg 186w, https:\/\/www.dsltech.info\/wp-content\/uploads\/2025\/05\/logoapple_thumb3-150x150.jpg 150w\" sizes=\"(max-width: 186px) 100vw, 186px\" \/><\/figure>\n\n\n\n<figure class=\"wp-block-image size-full is-resized\"><img loading=\"lazy\" decoding=\"async\" width=\"800\" height=\"800\" src=\"https:\/\/www.dsltech.info\/wp-content\/uploads\/2025\/05\/win10.jpg\" alt=\"\" class=\"wp-image-155\" style=\"width:155px;height:auto\" srcset=\"https:\/\/www.dsltech.info\/wp-content\/uploads\/2025\/05\/win10.jpg 800w, https:\/\/www.dsltech.info\/wp-content\/uploads\/2025\/05\/win10-300x300.jpg 300w, https:\/\/www.dsltech.info\/wp-content\/uploads\/2025\/05\/win10-150x150.jpg 150w, https:\/\/www.dsltech.info\/wp-content\/uploads\/2025\/05\/win10-768x768.jpg 768w\" sizes=\"(max-width: 800px) 100vw, 800px\" \/><\/figure>\n\n\n\n<p>He aconseguit en el meu PC personal un triple boot amb els 3 sistemes operatius instal\u00b7lats alhora&#8230; sense que es barallin, ehhh<\/p>\n\n\n\n<p>Windows 10 + Linux Ubuntu 24.04 + MacOS Catalina amb Grub2Win<\/p>\n\n\n\n<p>&nbsp;<\/p>\n\n\n\n<p>&nbsp;<\/p>\n\n\n\n<figure class=\"wp-block-image size-full is-resized\"><img loading=\"lazy\" decoding=\"async\" width=\"1018\" height=\"1024\" src=\"https:\/\/www.dsltech.info\/wp-content\/uploads\/2025\/05\/Diseny-dapps-1018x1024-1.jpg\" alt=\"\" class=\"wp-image-156\" style=\"width:247px;height:auto\" srcset=\"https:\/\/www.dsltech.info\/wp-content\/uploads\/2025\/05\/Diseny-dapps-1018x1024-1.jpg 1018w, https:\/\/www.dsltech.info\/wp-content\/uploads\/2025\/05\/Diseny-dapps-1018x1024-1-298x300.jpg 298w, https:\/\/www.dsltech.info\/wp-content\/uploads\/2025\/05\/Diseny-dapps-1018x1024-1-150x150.jpg 150w, https:\/\/www.dsltech.info\/wp-content\/uploads\/2025\/05\/Diseny-dapps-1018x1024-1-768x773.jpg 768w\" sizes=\"(max-width: 1018px) 100vw, 1018px\" \/><\/figure>\n\n\n\n<p>Ara estic aprenent a dissenyar i fer aplicacions per m\u00f2bils\/tablets Android.<\/p>\n\n\n\n<p>De moment&#8230; for\u00e7a b\u00e9.<\/p>\n","protected":false},"excerpt":{"rendered":"<p>Projectes de inform\u00e0tica &nbsp; &nbsp; M\u00e0quina &#8220;BARTOPE&#8221; Recreativa 2 Players de 24&#8243; (en construcci\u00f3) &nbsp; Hackintosh de DELL 9400 &nbsp; &nbsp; Muntar m\u00e0quina t\u00e0ctil de jocs : TOUCH GAMES &nbsp; Interconnexi\u00f3 de 2 cases amb antenes Wi-Fi &nbsp; Restauraci\u00f3 HP VECTRA 486 &gt;&gt;&gt; Windows 95 &gt;&gt; Jocs Retro &nbsp; AMSTRAD PCW8256 &gt;&gt;&gt; Reparaci\u00f3 corretja disquetera. &#8230; <a title=\"&#8211;Inform\u00e0tica\" class=\"read-more\" href=\"https:\/\/www.dsltech.info\/index.php\/informatica\/\" aria-label=\"M\u00e9s informaci\u00f3 sobre &#8211;Inform\u00e0tica\">Llegiu m\u00e9s<\/a><\/p>\n","protected":false},"author":1,"featured_media":0,"parent":0,"menu_order":0,"comment_status":"closed","ping_status":"closed","template":"","meta":{"ngg_post_thumbnail":0,"footnotes":""},"class_list":["post-82","page","type-page","status-publish"],"_links":{"self":[{"href":"https:\/\/www.dsltech.info\/index.php\/wp-json\/wp\/v2\/pages\/82","targetHints":{"allow":["GET"]}}],"collection":[{"href":"https:\/\/www.dsltech.info\/index.php\/wp-json\/wp\/v2\/pages"}],"about":[{"href":"https:\/\/www.dsltech.info\/index.php\/wp-json\/wp\/v2\/types\/page"}],"author":[{"embeddable":true,"href":"https:\/\/www.dsltech.info\/index.php\/wp-json\/wp\/v2\/users\/1"}],"replies":[{"embeddable":true,"href":"https:\/\/www.dsltech.info\/index.php\/wp-json\/wp\/v2\/comments?post=82"}],"version-history":[{"count":10,"href":"https:\/\/www.dsltech.info\/index.php\/wp-json\/wp\/v2\/pages\/82\/revisions"}],"predecessor-version":[{"id":213,"href":"https:\/\/www.dsltech.info\/index.php\/wp-json\/wp\/v2\/pages\/82\/revisions\/213"}],"wp:attachment":[{"href":"https:\/\/www.dsltech.info\/index.php\/wp-json\/wp\/v2\/media?parent=82"}],"curies":[{"name":"wp","href":"https:\/\/api.w.org\/{rel}","templated":true}]}}