{"id":85,"date":"2025-05-13T11:49:02","date_gmt":"2025-05-13T09:49:02","guid":{"rendered":"https:\/\/www.dsltech.info\/?page_id=85"},"modified":"2025-05-13T20:06:16","modified_gmt":"2025-05-13T18:06:16","slug":"electronica","status":"publish","type":"page","link":"https:\/\/www.dsltech.info\/index.php\/electronica\/","title":{"rendered":"&#8211;Electr\u00f2nica"},"content":{"rendered":"\n<p>Aqu\u00ed projectes de electr\u00f2nica<\/p>\n\n\n\n<p><\/p>\n\n\n\n<p><\/p>\n\n\n\n<figure class=\"wp-block-image size-full is-resized\"><img fetchpriority=\"high\" decoding=\"async\" width=\"800\" height=\"600\" src=\"https:\/\/www.dsltech.info\/wp-content\/uploads\/2025\/05\/1000051880.jpg\" alt=\"\" class=\"wp-image-183\" style=\"width:457px;height:auto\" srcset=\"https:\/\/www.dsltech.info\/wp-content\/uploads\/2025\/05\/1000051880.jpg 800w, https:\/\/www.dsltech.info\/wp-content\/uploads\/2025\/05\/1000051880-300x225.jpg 300w, https:\/\/www.dsltech.info\/wp-content\/uploads\/2025\/05\/1000051880-768x576.jpg 768w\" sizes=\"(max-width: 800px) 100vw, 800px\" \/><\/figure>\n\n\n\n<p>Emisora FM amb el seu micr\u00f2fon i antena. (Experiment)<\/p>\n\n\n\n<p><\/p>\n","protected":false},"excerpt":{"rendered":"<p>Aqu\u00ed projectes de electr\u00f2nica Emisora FM amb el seu micr\u00f2fon i antena. (Experiment)<\/p>\n","protected":false},"author":1,"featured_media":0,"parent":0,"menu_order":0,"comment_status":"closed","ping_status":"closed","template":"","meta":{"ngg_post_thumbnail":0,"footnotes":""},"class_list":["post-85","page","type-page","status-publish"],"_links":{"self":[{"href":"https:\/\/www.dsltech.info\/index.php\/wp-json\/wp\/v2\/pages\/85","targetHints":{"allow":["GET"]}}],"collection":[{"href":"https:\/\/www.dsltech.info\/index.php\/wp-json\/wp\/v2\/pages"}],"about":[{"href":"https:\/\/www.dsltech.info\/index.php\/wp-json\/wp\/v2\/types\/page"}],"author":[{"embeddable":true,"href":"https:\/\/www.dsltech.info\/index.php\/wp-json\/wp\/v2\/users\/1"}],"replies":[{"embeddable":true,"href":"https:\/\/www.dsltech.info\/index.php\/wp-json\/wp\/v2\/comments?post=85"}],"version-history":[{"count":3,"href":"https:\/\/www.dsltech.info\/index.php\/wp-json\/wp\/v2\/pages\/85\/revisions"}],"predecessor-version":[{"id":185,"href":"https:\/\/www.dsltech.info\/index.php\/wp-json\/wp\/v2\/pages\/85\/revisions\/185"}],"wp:attachment":[{"href":"https:\/\/www.dsltech.info\/index.php\/wp-json\/wp\/v2\/media?parent=85"}],"curies":[{"name":"wp","href":"https:\/\/api.w.org\/{rel}","templated":true}]}}